{"id":5053,"date":"2023-02-09T13:28:28","date_gmt":"2023-02-09T13:28:28","guid":{"rendered":"https:\/\/www.in-ex.hu\/?page_id=5053"},"modified":"2025-12-12T09:07:50","modified_gmt":"2025-12-12T09:07:50","slug":"happy-emplyees-value-creating-designing","status":"publish","type":"page","link":"https:\/\/www.in-ex.hu\/en\/happy-emplyees-value-creating-designing\/","title":{"rendered":"Happy emplyees \u2013 value-creating designing"},"content":{"rendered":"","protected":false},"excerpt":{"rendered":"<p>We asked our employees why they like working at STUDIO IN-EX. <\/p>\n","protected":false},"author":4,"featured_media":6292,"parent":0,"menu_order":0,"comment_status":"closed","ping_status":"closed","template":"","meta":{"_acf_changed":false,"footnotes":""},"class_list":["post-5053","page","type-page","status-publish","has-post-thumbnail","hentry"],"acf":[],"yoast_head":"<!-- This site is optimized with the Yoast SEO plugin v27.3 - https:\/\/yoast.com\/product\/yoast-seo-wordpress\/ -->\n<title>Happy emplyees \u2013 value-creating designing - STUDIO IN-EX - \u00c9p\u00edt\u00e9szeti \u00e9s m\u00e9rn\u00f6ki iroda<\/title>\n<meta name=\"description\" content=\"I like working here because I&#039;m constantly faced with new challenges, and they don&#039;t scare me because I can count on my colleagues. I learn a lot of new things and I really enjoy it because it keeps me fit and up to date. A reliable network of background teams (IT, BIM team, PR team, HR, etc.) helps me to concentrate fully on professional matters. In addition, flexible working hours mean that family and private life do not have to take a back seat. I can remain a person, I can turn to my leaders with any issues, and they will not only pretend to listen to me, they really do.\" \/>\n<meta name=\"robots\" content=\"index, follow, max-snippet:-1, max-image-preview:large, max-video-preview:-1\" \/>\n<link rel=\"canonical\" href=\"https:\/\/www.in-ex.hu\/en\/happy-emplyees-value-creating-designing\/\" \/>\n<meta property=\"og:locale\" content=\"en_US\" \/>\n<meta property=\"og:type\" content=\"article\" \/>\n<meta property=\"og:title\" content=\"Why you should work with us?\" \/>\n<meta property=\"og:description\" content=\"We asked our employees why they like working at STUDIO IN-EX.\" \/>\n<meta property=\"og:url\" content=\"https:\/\/www.in-ex.hu\/en\/happy-emplyees-value-creating-designing\/\" \/>\n<meta property=\"og:site_name\" content=\"STUDIO IN-EX - \u00c9p\u00edt\u00e9szeti \u00e9s m\u00e9rn\u00f6ki iroda\" \/>\n<meta property=\"article:modified_time\" content=\"2025-12-12T09:07:50+00:00\" \/>\n<meta property=\"og:image\" content=\"https:\/\/www.in-ex.hu\/wp-content\/uploads\/2022\/09\/facebook-link-miert-jo-itt-dolgozni-min-1024x535.png\" \/>\n<meta name=\"twitter:card\" content=\"summary_large_image\" \/>\n<script type=\"application\/ld+json\" class=\"yoast-schema-graph\">{\"@context\":\"https:\\\/\\\/schema.org\",\"@graph\":[{\"@type\":\"WebPage\",\"@id\":\"https:\\\/\\\/www.in-ex.hu\\\/en\\\/happy-emplyees-value-creating-designing\\\/\",\"url\":\"https:\\\/\\\/www.in-ex.hu\\\/en\\\/happy-emplyees-value-creating-designing\\\/\",\"name\":\"Happy emplyees \u2013 value-creating designing - STUDIO IN-EX - \u00c9p\u00edt\u00e9szeti \u00e9s m\u00e9rn\u00f6ki iroda\",\"isPartOf\":{\"@id\":\"https:\\\/\\\/www.in-ex.hu\\\/en\\\/#website\"},\"primaryImageOfPage\":{\"@id\":\"https:\\\/\\\/www.in-ex.hu\\\/en\\\/happy-emplyees-value-creating-designing\\\/#primaryimage\"},\"image\":{\"@id\":\"https:\\\/\\\/www.in-ex.hu\\\/en\\\/happy-emplyees-value-creating-designing\\\/#primaryimage\"},\"thumbnailUrl\":\"https:\\\/\\\/www.in-ex.hu\\\/wp-content\\\/uploads\\\/2022\\\/09\\\/facebook-link-miert-jo-itt-dolgozni-min.png\",\"datePublished\":\"2023-02-09T13:28:28+00:00\",\"dateModified\":\"2025-12-12T09:07:50+00:00\",\"description\":\"I like working here because I'm constantly faced with new challenges, and they don't scare me because I can count on my colleagues. I learn a lot of new things and I really enjoy it because it keeps me fit and up to date. A reliable network of background teams (IT, BIM team, PR team, HR, etc.) helps me to concentrate fully on professional matters. In addition, flexible working hours mean that family and private life do not have to take a back seat. I can remain a person, I can turn to my leaders with any issues, and they will not only pretend to listen to me, they really do.\",\"breadcrumb\":{\"@id\":\"https:\\\/\\\/www.in-ex.hu\\\/en\\\/happy-emplyees-value-creating-designing\\\/#breadcrumb\"},\"inLanguage\":\"en-US\",\"potentialAction\":[{\"@type\":\"ReadAction\",\"target\":[\"https:\\\/\\\/www.in-ex.hu\\\/en\\\/happy-emplyees-value-creating-designing\\\/\"]}]},{\"@type\":\"ImageObject\",\"inLanguage\":\"en-US\",\"@id\":\"https:\\\/\\\/www.in-ex.hu\\\/en\\\/happy-emplyees-value-creating-designing\\\/#primaryimage\",\"url\":\"https:\\\/\\\/www.in-ex.hu\\\/wp-content\\\/uploads\\\/2022\\\/09\\\/facebook-link-miert-jo-itt-dolgozni-min.png\",\"contentUrl\":\"https:\\\/\\\/www.in-ex.hu\\\/wp-content\\\/uploads\\\/2022\\\/09\\\/facebook-link-miert-jo-itt-dolgozni-min.png\",\"width\":1200,\"height\":627},{\"@type\":\"BreadcrumbList\",\"@id\":\"https:\\\/\\\/www.in-ex.hu\\\/en\\\/happy-emplyees-value-creating-designing\\\/#breadcrumb\",\"itemListElement\":[{\"@type\":\"ListItem\",\"position\":1,\"name\":\"Home\",\"item\":\"https:\\\/\\\/www.in-ex.hu\\\/en\\\/home\\\/\"},{\"@type\":\"ListItem\",\"position\":2,\"name\":\"Happy emplyees \u2013 value-creating designing\"}]},{\"@type\":\"WebSite\",\"@id\":\"https:\\\/\\\/www.in-ex.hu\\\/en\\\/#website\",\"url\":\"https:\\\/\\\/www.in-ex.hu\\\/en\\\/\",\"name\":\"STUDIO IN-EX - \u00c9p\u00edt\u00e9szeti \u00e9s m\u00e9rn\u00f6ki iroda\",\"description\":\"\u00c9p\u00edt\u00e9szet \u00e9s m\u00e9rn\u00f6ks\u00e9g piacvezet\u0151 BIM szaktud\u00e1ssal\",\"potentialAction\":[{\"@type\":\"SearchAction\",\"target\":{\"@type\":\"EntryPoint\",\"urlTemplate\":\"https:\\\/\\\/www.in-ex.hu\\\/en\\\/?s={search_term_string}\"},\"query-input\":{\"@type\":\"PropertyValueSpecification\",\"valueRequired\":true,\"valueName\":\"search_term_string\"}}],\"inLanguage\":\"en-US\"}]}<\/script>\n<!-- \/ Yoast SEO plugin. -->","yoast_head_json":{"title":"Happy emplyees \u2013 value-creating designing - STUDIO IN-EX - \u00c9p\u00edt\u00e9szeti \u00e9s m\u00e9rn\u00f6ki iroda","description":"I like working here because I'm constantly faced with new challenges, and they don't scare me because I can count on my colleagues. I learn a lot of new things and I really enjoy it because it keeps me fit and up to date. A reliable network of background teams (IT, BIM team, PR team, HR, etc.) helps me to concentrate fully on professional matters. In addition, flexible working hours mean that family and private life do not have to take a back seat. I can remain a person, I can turn to my leaders with any issues, and they will not only pretend to listen to me, they really do.","robots":{"index":"index","follow":"follow","max-snippet":"max-snippet:-1","max-image-preview":"max-image-preview:large","max-video-preview":"max-video-preview:-1"},"canonical":"https:\/\/www.in-ex.hu\/en\/happy-emplyees-value-creating-designing\/","og_locale":"en_US","og_type":"article","og_title":"Why you should work with us?","og_description":"We asked our employees why they like working at STUDIO IN-EX.","og_url":"https:\/\/www.in-ex.hu\/en\/happy-emplyees-value-creating-designing\/","og_site_name":"STUDIO IN-EX - \u00c9p\u00edt\u00e9szeti \u00e9s m\u00e9rn\u00f6ki iroda","article_modified_time":"2025-12-12T09:07:50+00:00","og_image":[{"url":"https:\/\/www.in-ex.hu\/wp-content\/uploads\/2022\/09\/facebook-link-miert-jo-itt-dolgozni-min-1024x535.png","type":"","width":"","height":""}],"twitter_card":"summary_large_image","schema":{"@context":"https:\/\/schema.org","@graph":[{"@type":"WebPage","@id":"https:\/\/www.in-ex.hu\/en\/happy-emplyees-value-creating-designing\/","url":"https:\/\/www.in-ex.hu\/en\/happy-emplyees-value-creating-designing\/","name":"Happy emplyees \u2013 value-creating designing - STUDIO IN-EX - \u00c9p\u00edt\u00e9szeti \u00e9s m\u00e9rn\u00f6ki iroda","isPartOf":{"@id":"https:\/\/www.in-ex.hu\/en\/#website"},"primaryImageOfPage":{"@id":"https:\/\/www.in-ex.hu\/en\/happy-emplyees-value-creating-designing\/#primaryimage"},"image":{"@id":"https:\/\/www.in-ex.hu\/en\/happy-emplyees-value-creating-designing\/#primaryimage"},"thumbnailUrl":"https:\/\/www.in-ex.hu\/wp-content\/uploads\/2022\/09\/facebook-link-miert-jo-itt-dolgozni-min.png","datePublished":"2023-02-09T13:28:28+00:00","dateModified":"2025-12-12T09:07:50+00:00","description":"I like working here because I'm constantly faced with new challenges, and they don't scare me because I can count on my colleagues. I learn a lot of new things and I really enjoy it because it keeps me fit and up to date. A reliable network of background teams (IT, BIM team, PR team, HR, etc.) helps me to concentrate fully on professional matters. In addition, flexible working hours mean that family and private life do not have to take a back seat. I can remain a person, I can turn to my leaders with any issues, and they will not only pretend to listen to me, they really do.","breadcrumb":{"@id":"https:\/\/www.in-ex.hu\/en\/happy-emplyees-value-creating-designing\/#breadcrumb"},"inLanguage":"en-US","potentialAction":[{"@type":"ReadAction","target":["https:\/\/www.in-ex.hu\/en\/happy-emplyees-value-creating-designing\/"]}]},{"@type":"ImageObject","inLanguage":"en-US","@id":"https:\/\/www.in-ex.hu\/en\/happy-emplyees-value-creating-designing\/#primaryimage","url":"https:\/\/www.in-ex.hu\/wp-content\/uploads\/2022\/09\/facebook-link-miert-jo-itt-dolgozni-min.png","contentUrl":"https:\/\/www.in-ex.hu\/wp-content\/uploads\/2022\/09\/facebook-link-miert-jo-itt-dolgozni-min.png","width":1200,"height":627},{"@type":"BreadcrumbList","@id":"https:\/\/www.in-ex.hu\/en\/happy-emplyees-value-creating-designing\/#breadcrumb","itemListElement":[{"@type":"ListItem","position":1,"name":"Home","item":"https:\/\/www.in-ex.hu\/en\/home\/"},{"@type":"ListItem","position":2,"name":"Happy emplyees \u2013 value-creating designing"}]},{"@type":"WebSite","@id":"https:\/\/www.in-ex.hu\/en\/#website","url":"https:\/\/www.in-ex.hu\/en\/","name":"STUDIO IN-EX - \u00c9p\u00edt\u00e9szeti \u00e9s m\u00e9rn\u00f6ki iroda","description":"\u00c9p\u00edt\u00e9szet \u00e9s m\u00e9rn\u00f6ks\u00e9g piacvezet\u0151 BIM szaktud\u00e1ssal","potentialAction":[{"@type":"SearchAction","target":{"@type":"EntryPoint","urlTemplate":"https:\/\/www.in-ex.hu\/en\/?s={search_term_string}"},"query-input":{"@type":"PropertyValueSpecification","valueRequired":true,"valueName":"search_term_string"}}],"inLanguage":"en-US"}]}},"_links":{"self":[{"href":"https:\/\/www.in-ex.hu\/en\/wp-json\/wp\/v2\/pages\/5053","targetHints":{"allow":["GET"]}}],"collection":[{"href":"https:\/\/www.in-ex.hu\/en\/wp-json\/wp\/v2\/pages"}],"about":[{"href":"https:\/\/www.in-ex.hu\/en\/wp-json\/wp\/v2\/types\/page"}],"author":[{"embeddable":true,"href":"https:\/\/www.in-ex.hu\/en\/wp-json\/wp\/v2\/users\/4"}],"replies":[{"embeddable":true,"href":"https:\/\/www.in-ex.hu\/en\/wp-json\/wp\/v2\/comments?post=5053"}],"version-history":[{"count":10,"href":"https:\/\/www.in-ex.hu\/en\/wp-json\/wp\/v2\/pages\/5053\/revisions"}],"predecessor-version":[{"id":14224,"href":"https:\/\/www.in-ex.hu\/en\/wp-json\/wp\/v2\/pages\/5053\/revisions\/14224"}],"wp:featuredmedia":[{"embeddable":true,"href":"https:\/\/www.in-ex.hu\/en\/wp-json\/wp\/v2\/media\/6292"}],"wp:attachment":[{"href":"https:\/\/www.in-ex.hu\/en\/wp-json\/wp\/v2\/media?parent=5053"}],"curies":[{"name":"wp","href":"https:\/\/api.w.org\/{rel}","templated":true}]}}