{"id":4647,"date":"2022-04-07T14:50:50","date_gmt":"2022-04-07T14:50:50","guid":{"rendered":"https:\/\/www.in-ex.hu\/about-office\/"},"modified":"2025-04-28T22:08:02","modified_gmt":"2025-04-28T22:08:02","slug":"about-office","status":"publish","type":"page","link":"https:\/\/www.in-ex.hu\/en\/about-office\/","title":{"rendered":"About &#8211; Office"},"content":{"rendered":"","protected":false},"excerpt":{"rendered":"","protected":false},"author":1,"featured_media":7850,"parent":0,"menu_order":0,"comment_status":"closed","ping_status":"closed","template":"","meta":{"_acf_changed":false,"footnotes":""},"class_list":["post-4647","page","type-page","status-publish","has-post-thumbnail","hentry"],"acf":[],"yoast_head":"<!-- This site is optimized with the Yoast SEO plugin v27.3 - https:\/\/yoast.com\/product\/yoast-seo-wordpress\/ -->\n<title>About - Office - STUDIO IN-EX - \u00c9p\u00edt\u00e9szeti \u00e9s m\u00e9rn\u00f6ki iroda<\/title>\n<meta name=\"robots\" content=\"index, follow, max-snippet:-1, max-image-preview:large, max-video-preview:-1\" \/>\n<link rel=\"canonical\" href=\"https:\/\/www.in-ex.hu\/en\/about-office\/\" \/>\n<meta property=\"og:locale\" content=\"en_US\" \/>\n<meta property=\"og:type\" content=\"article\" \/>\n<meta property=\"og:title\" content=\"About - Office - STUDIO IN-EX - \u00c9p\u00edt\u00e9szeti \u00e9s m\u00e9rn\u00f6ki iroda\" \/>\n<meta property=\"og:url\" content=\"https:\/\/www.in-ex.hu\/en\/about-office\/\" \/>\n<meta property=\"og:site_name\" content=\"STUDIO IN-EX - \u00c9p\u00edt\u00e9szeti \u00e9s m\u00e9rn\u00f6ki iroda\" \/>\n<meta property=\"article:modified_time\" content=\"2025-04-28T22:08:02+00:00\" \/>\n<meta property=\"og:image\" content=\"https:\/\/www.in-ex.hu\/wp-content\/uploads\/2023\/06\/studioinex_legokazirodaban.jpg\" \/>\n<meta name=\"twitter:card\" content=\"summary_large_image\" \/>\n<script type=\"application\/ld+json\" class=\"yoast-schema-graph\">{\"@context\":\"https:\\\/\\\/schema.org\",\"@graph\":[{\"@type\":\"WebPage\",\"@id\":\"https:\\\/\\\/www.in-ex.hu\\\/en\\\/about-office\\\/\",\"url\":\"https:\\\/\\\/www.in-ex.hu\\\/en\\\/about-office\\\/\",\"name\":\"About - Office - STUDIO IN-EX - \u00c9p\u00edt\u00e9szeti \u00e9s m\u00e9rn\u00f6ki iroda\",\"isPartOf\":{\"@id\":\"https:\\\/\\\/www.in-ex.hu\\\/en\\\/#website\"},\"primaryImageOfPage\":{\"@id\":\"https:\\\/\\\/www.in-ex.hu\\\/en\\\/about-office\\\/#primaryimage\"},\"image\":{\"@id\":\"https:\\\/\\\/www.in-ex.hu\\\/en\\\/about-office\\\/#primaryimage\"},\"thumbnailUrl\":\"https:\\\/\\\/www.in-ex.hu\\\/wp-content\\\/uploads\\\/2022\\\/07\\\/studioinex-tervezoiroda-kozossegi-ter.jpg\",\"datePublished\":\"2022-04-07T14:50:50+00:00\",\"dateModified\":\"2025-04-28T22:08:02+00:00\",\"breadcrumb\":{\"@id\":\"https:\\\/\\\/www.in-ex.hu\\\/en\\\/about-office\\\/#breadcrumb\"},\"inLanguage\":\"en-US\",\"potentialAction\":[{\"@type\":\"ReadAction\",\"target\":[\"https:\\\/\\\/www.in-ex.hu\\\/en\\\/about-office\\\/\"]}]},{\"@type\":\"ImageObject\",\"inLanguage\":\"en-US\",\"@id\":\"https:\\\/\\\/www.in-ex.hu\\\/en\\\/about-office\\\/#primaryimage\",\"url\":\"https:\\\/\\\/www.in-ex.hu\\\/wp-content\\\/uploads\\\/2022\\\/07\\\/studioinex-tervezoiroda-kozossegi-ter.jpg\",\"contentUrl\":\"https:\\\/\\\/www.in-ex.hu\\\/wp-content\\\/uploads\\\/2022\\\/07\\\/studioinex-tervezoiroda-kozossegi-ter.jpg\",\"width\":1859,\"height\":1239},{\"@type\":\"BreadcrumbList\",\"@id\":\"https:\\\/\\\/www.in-ex.hu\\\/en\\\/about-office\\\/#breadcrumb\",\"itemListElement\":[{\"@type\":\"ListItem\",\"position\":1,\"name\":\"Home\",\"item\":\"https:\\\/\\\/www.in-ex.hu\\\/en\\\/home\\\/\"},{\"@type\":\"ListItem\",\"position\":2,\"name\":\"About &#8211; Office\"}]},{\"@type\":\"WebSite\",\"@id\":\"https:\\\/\\\/www.in-ex.hu\\\/en\\\/#website\",\"url\":\"https:\\\/\\\/www.in-ex.hu\\\/en\\\/\",\"name\":\"STUDIO IN-EX - \u00c9p\u00edt\u00e9szeti \u00e9s m\u00e9rn\u00f6ki iroda\",\"description\":\"\u00c9p\u00edt\u00e9szet \u00e9s m\u00e9rn\u00f6ks\u00e9g piacvezet\u0151 BIM szaktud\u00e1ssal\",\"potentialAction\":[{\"@type\":\"SearchAction\",\"target\":{\"@type\":\"EntryPoint\",\"urlTemplate\":\"https:\\\/\\\/www.in-ex.hu\\\/en\\\/?s={search_term_string}\"},\"query-input\":{\"@type\":\"PropertyValueSpecification\",\"valueRequired\":true,\"valueName\":\"search_term_string\"}}],\"inLanguage\":\"en-US\"}]}<\/script>\n<!-- \/ Yoast SEO plugin. -->","yoast_head_json":{"title":"About - Office - STUDIO IN-EX - \u00c9p\u00edt\u00e9szeti \u00e9s m\u00e9rn\u00f6ki iroda","robots":{"index":"index","follow":"follow","max-snippet":"max-snippet:-1","max-image-preview":"max-image-preview:large","max-video-preview":"max-video-preview:-1"},"canonical":"https:\/\/www.in-ex.hu\/en\/about-office\/","og_locale":"en_US","og_type":"article","og_title":"About - Office - STUDIO IN-EX - \u00c9p\u00edt\u00e9szeti \u00e9s m\u00e9rn\u00f6ki iroda","og_url":"https:\/\/www.in-ex.hu\/en\/about-office\/","og_site_name":"STUDIO IN-EX - \u00c9p\u00edt\u00e9szeti \u00e9s m\u00e9rn\u00f6ki iroda","article_modified_time":"2025-04-28T22:08:02+00:00","og_image":[{"url":"https:\/\/www.in-ex.hu\/wp-content\/uploads\/2023\/06\/studioinex_legokazirodaban.jpg","type":"","width":"","height":""}],"twitter_card":"summary_large_image","schema":{"@context":"https:\/\/schema.org","@graph":[{"@type":"WebPage","@id":"https:\/\/www.in-ex.hu\/en\/about-office\/","url":"https:\/\/www.in-ex.hu\/en\/about-office\/","name":"About - Office - STUDIO IN-EX - \u00c9p\u00edt\u00e9szeti \u00e9s m\u00e9rn\u00f6ki iroda","isPartOf":{"@id":"https:\/\/www.in-ex.hu\/en\/#website"},"primaryImageOfPage":{"@id":"https:\/\/www.in-ex.hu\/en\/about-office\/#primaryimage"},"image":{"@id":"https:\/\/www.in-ex.hu\/en\/about-office\/#primaryimage"},"thumbnailUrl":"https:\/\/www.in-ex.hu\/wp-content\/uploads\/2022\/07\/studioinex-tervezoiroda-kozossegi-ter.jpg","datePublished":"2022-04-07T14:50:50+00:00","dateModified":"2025-04-28T22:08:02+00:00","breadcrumb":{"@id":"https:\/\/www.in-ex.hu\/en\/about-office\/#breadcrumb"},"inLanguage":"en-US","potentialAction":[{"@type":"ReadAction","target":["https:\/\/www.in-ex.hu\/en\/about-office\/"]}]},{"@type":"ImageObject","inLanguage":"en-US","@id":"https:\/\/www.in-ex.hu\/en\/about-office\/#primaryimage","url":"https:\/\/www.in-ex.hu\/wp-content\/uploads\/2022\/07\/studioinex-tervezoiroda-kozossegi-ter.jpg","contentUrl":"https:\/\/www.in-ex.hu\/wp-content\/uploads\/2022\/07\/studioinex-tervezoiroda-kozossegi-ter.jpg","width":1859,"height":1239},{"@type":"BreadcrumbList","@id":"https:\/\/www.in-ex.hu\/en\/about-office\/#breadcrumb","itemListElement":[{"@type":"ListItem","position":1,"name":"Home","item":"https:\/\/www.in-ex.hu\/en\/home\/"},{"@type":"ListItem","position":2,"name":"About &#8211; Office"}]},{"@type":"WebSite","@id":"https:\/\/www.in-ex.hu\/en\/#website","url":"https:\/\/www.in-ex.hu\/en\/","name":"STUDIO IN-EX - \u00c9p\u00edt\u00e9szeti \u00e9s m\u00e9rn\u00f6ki iroda","description":"\u00c9p\u00edt\u00e9szet \u00e9s m\u00e9rn\u00f6ks\u00e9g piacvezet\u0151 BIM szaktud\u00e1ssal","potentialAction":[{"@type":"SearchAction","target":{"@type":"EntryPoint","urlTemplate":"https:\/\/www.in-ex.hu\/en\/?s={search_term_string}"},"query-input":{"@type":"PropertyValueSpecification","valueRequired":true,"valueName":"search_term_string"}}],"inLanguage":"en-US"}]}},"_links":{"self":[{"href":"https:\/\/www.in-ex.hu\/en\/wp-json\/wp\/v2\/pages\/4647","targetHints":{"allow":["GET"]}}],"collection":[{"href":"https:\/\/www.in-ex.hu\/en\/wp-json\/wp\/v2\/pages"}],"about":[{"href":"https:\/\/www.in-ex.hu\/en\/wp-json\/wp\/v2\/types\/page"}],"author":[{"embeddable":true,"href":"https:\/\/www.in-ex.hu\/en\/wp-json\/wp\/v2\/users\/1"}],"replies":[{"embeddable":true,"href":"https:\/\/www.in-ex.hu\/en\/wp-json\/wp\/v2\/comments?post=4647"}],"version-history":[{"count":1,"href":"https:\/\/www.in-ex.hu\/en\/wp-json\/wp\/v2\/pages\/4647\/revisions"}],"predecessor-version":[{"id":4648,"href":"https:\/\/www.in-ex.hu\/en\/wp-json\/wp\/v2\/pages\/4647\/revisions\/4648"}],"wp:featuredmedia":[{"embeddable":true,"href":"https:\/\/www.in-ex.hu\/en\/wp-json\/wp\/v2\/media\/7850"}],"wp:attachment":[{"href":"https:\/\/www.in-ex.hu\/en\/wp-json\/wp\/v2\/media?parent=4647"}],"curies":[{"name":"wp","href":"https:\/\/api.w.org\/{rel}","templated":true}]}}