{"id":4642,"date":"2022-04-07T14:39:27","date_gmt":"2022-04-07T14:39:27","guid":{"rendered":"https:\/\/www.in-ex.hu\/about\/"},"modified":"2026-03-10T10:01:20","modified_gmt":"2026-03-10T10:01:20","slug":"about","status":"publish","type":"page","link":"https:\/\/www.in-ex.hu\/en\/about\/","title":{"rendered":"About"},"content":{"rendered":"","protected":false},"excerpt":{"rendered":"","protected":false},"author":1,"featured_media":14289,"parent":0,"menu_order":0,"comment_status":"closed","ping_status":"closed","template":"","meta":{"_acf_changed":false,"footnotes":""},"class_list":["post-4642","page","type-page","status-publish","has-post-thumbnail","hentry"],"acf":[],"yoast_head":"<!-- This site is optimized with the Yoast SEO plugin v27.3 - https:\/\/yoast.com\/product\/yoast-seo-wordpress\/ -->\n<title>About - STUDIO IN-EX - \u00c9p\u00edt\u00e9szeti \u00e9s m\u00e9rn\u00f6ki iroda<\/title>\n<meta name=\"description\" content=\"STUDIO IN-EX general design office provides integrated architectural services in international projects, with nearly 170 design engineer colleagues\" \/>\n<meta name=\"robots\" content=\"index, follow, max-snippet:-1, max-image-preview:large, max-video-preview:-1\" \/>\n<link rel=\"canonical\" href=\"https:\/\/www.in-ex.hu\/en\/about\/\" \/>\n<meta property=\"og:locale\" content=\"en_US\" \/>\n<meta property=\"og:type\" content=\"article\" \/>\n<meta property=\"og:title\" content=\"About - STUDIO IN-EX - \u00c9p\u00edt\u00e9szeti \u00e9s m\u00e9rn\u00f6ki iroda\" \/>\n<meta property=\"og:description\" content=\"STUDIO IN-EX general design office provides integrated architectural services in international projects, with nearly 170 design engineer colleagues\" \/>\n<meta property=\"og:url\" content=\"https:\/\/www.in-ex.hu\/en\/about\/\" \/>\n<meta property=\"og:site_name\" content=\"STUDIO IN-EX - \u00c9p\u00edt\u00e9szeti \u00e9s m\u00e9rn\u00f6ki iroda\" \/>\n<meta property=\"article:modified_time\" content=\"2026-03-10T10:01:20+00:00\" \/>\n<meta property=\"og:image\" content=\"https:\/\/www.in-ex.hu\/wp-content\/uploads\/2023\/01\/221014-0098-1024x683.jpg\" \/>\n<meta name=\"twitter:card\" content=\"summary_large_image\" \/>\n<meta name=\"twitter:label1\" content=\"Est. reading time\" \/>\n\t<meta name=\"twitter:data1\" content=\"1 minute\" \/>\n<script type=\"application\/ld+json\" class=\"yoast-schema-graph\">{\"@context\":\"https:\\\/\\\/schema.org\",\"@graph\":[{\"@type\":\"WebPage\",\"@id\":\"https:\\\/\\\/www.in-ex.hu\\\/en\\\/about\\\/\",\"url\":\"https:\\\/\\\/www.in-ex.hu\\\/en\\\/about\\\/\",\"name\":\"About - STUDIO IN-EX - \u00c9p\u00edt\u00e9szeti \u00e9s m\u00e9rn\u00f6ki iroda\",\"isPartOf\":{\"@id\":\"https:\\\/\\\/www.in-ex.hu\\\/en\\\/#website\"},\"primaryImageOfPage\":{\"@id\":\"https:\\\/\\\/www.in-ex.hu\\\/en\\\/about\\\/#primaryimage\"},\"image\":{\"@id\":\"https:\\\/\\\/www.in-ex.hu\\\/en\\\/about\\\/#primaryimage\"},\"thumbnailUrl\":\"https:\\\/\\\/www.in-ex.hu\\\/wp-content\\\/uploads\\\/2026\\\/01\\\/inexcsoportkepwebre-scaled.jpg\",\"datePublished\":\"2022-04-07T14:39:27+00:00\",\"dateModified\":\"2026-03-10T10:01:20+00:00\",\"description\":\"STUDIO IN-EX general design office provides integrated architectural services in international projects, with nearly 170 design engineer colleagues\",\"breadcrumb\":{\"@id\":\"https:\\\/\\\/www.in-ex.hu\\\/en\\\/about\\\/#breadcrumb\"},\"inLanguage\":\"en-US\",\"potentialAction\":[{\"@type\":\"ReadAction\",\"target\":[\"https:\\\/\\\/www.in-ex.hu\\\/en\\\/about\\\/\"]}]},{\"@type\":\"ImageObject\",\"inLanguage\":\"en-US\",\"@id\":\"https:\\\/\\\/www.in-ex.hu\\\/en\\\/about\\\/#primaryimage\",\"url\":\"https:\\\/\\\/www.in-ex.hu\\\/wp-content\\\/uploads\\\/2026\\\/01\\\/inexcsoportkepwebre-scaled.jpg\",\"contentUrl\":\"https:\\\/\\\/www.in-ex.hu\\\/wp-content\\\/uploads\\\/2026\\\/01\\\/inexcsoportkepwebre-scaled.jpg\",\"width\":2560,\"height\":1636},{\"@type\":\"BreadcrumbList\",\"@id\":\"https:\\\/\\\/www.in-ex.hu\\\/en\\\/about\\\/#breadcrumb\",\"itemListElement\":[{\"@type\":\"ListItem\",\"position\":1,\"name\":\"Home\",\"item\":\"https:\\\/\\\/www.in-ex.hu\\\/en\\\/home\\\/\"},{\"@type\":\"ListItem\",\"position\":2,\"name\":\"About\"}]},{\"@type\":\"WebSite\",\"@id\":\"https:\\\/\\\/www.in-ex.hu\\\/en\\\/#website\",\"url\":\"https:\\\/\\\/www.in-ex.hu\\\/en\\\/\",\"name\":\"STUDIO IN-EX - \u00c9p\u00edt\u00e9szeti \u00e9s m\u00e9rn\u00f6ki iroda\",\"description\":\"\u00c9p\u00edt\u00e9szet \u00e9s m\u00e9rn\u00f6ks\u00e9g piacvezet\u0151 BIM szaktud\u00e1ssal\",\"potentialAction\":[{\"@type\":\"SearchAction\",\"target\":{\"@type\":\"EntryPoint\",\"urlTemplate\":\"https:\\\/\\\/www.in-ex.hu\\\/en\\\/?s={search_term_string}\"},\"query-input\":{\"@type\":\"PropertyValueSpecification\",\"valueRequired\":true,\"valueName\":\"search_term_string\"}}],\"inLanguage\":\"en-US\"}]}<\/script>\n<!-- \/ Yoast SEO plugin. -->","yoast_head_json":{"title":"About - STUDIO IN-EX - \u00c9p\u00edt\u00e9szeti \u00e9s m\u00e9rn\u00f6ki iroda","description":"STUDIO IN-EX general design office provides integrated architectural services in international projects, with nearly 170 design engineer colleagues","robots":{"index":"index","follow":"follow","max-snippet":"max-snippet:-1","max-image-preview":"max-image-preview:large","max-video-preview":"max-video-preview:-1"},"canonical":"https:\/\/www.in-ex.hu\/en\/about\/","og_locale":"en_US","og_type":"article","og_title":"About - STUDIO IN-EX - \u00c9p\u00edt\u00e9szeti \u00e9s m\u00e9rn\u00f6ki iroda","og_description":"STUDIO IN-EX general design office provides integrated architectural services in international projects, with nearly 170 design engineer colleagues","og_url":"https:\/\/www.in-ex.hu\/en\/about\/","og_site_name":"STUDIO IN-EX - \u00c9p\u00edt\u00e9szeti \u00e9s m\u00e9rn\u00f6ki iroda","article_modified_time":"2026-03-10T10:01:20+00:00","og_image":[{"url":"https:\/\/www.in-ex.hu\/wp-content\/uploads\/2023\/01\/221014-0098-1024x683.jpg","type":"","width":"","height":""}],"twitter_card":"summary_large_image","twitter_misc":{"Est. reading time":"1 minute"},"schema":{"@context":"https:\/\/schema.org","@graph":[{"@type":"WebPage","@id":"https:\/\/www.in-ex.hu\/en\/about\/","url":"https:\/\/www.in-ex.hu\/en\/about\/","name":"About - STUDIO IN-EX - \u00c9p\u00edt\u00e9szeti \u00e9s m\u00e9rn\u00f6ki iroda","isPartOf":{"@id":"https:\/\/www.in-ex.hu\/en\/#website"},"primaryImageOfPage":{"@id":"https:\/\/www.in-ex.hu\/en\/about\/#primaryimage"},"image":{"@id":"https:\/\/www.in-ex.hu\/en\/about\/#primaryimage"},"thumbnailUrl":"https:\/\/www.in-ex.hu\/wp-content\/uploads\/2026\/01\/inexcsoportkepwebre-scaled.jpg","datePublished":"2022-04-07T14:39:27+00:00","dateModified":"2026-03-10T10:01:20+00:00","description":"STUDIO IN-EX general design office provides integrated architectural services in international projects, with nearly 170 design engineer colleagues","breadcrumb":{"@id":"https:\/\/www.in-ex.hu\/en\/about\/#breadcrumb"},"inLanguage":"en-US","potentialAction":[{"@type":"ReadAction","target":["https:\/\/www.in-ex.hu\/en\/about\/"]}]},{"@type":"ImageObject","inLanguage":"en-US","@id":"https:\/\/www.in-ex.hu\/en\/about\/#primaryimage","url":"https:\/\/www.in-ex.hu\/wp-content\/uploads\/2026\/01\/inexcsoportkepwebre-scaled.jpg","contentUrl":"https:\/\/www.in-ex.hu\/wp-content\/uploads\/2026\/01\/inexcsoportkepwebre-scaled.jpg","width":2560,"height":1636},{"@type":"BreadcrumbList","@id":"https:\/\/www.in-ex.hu\/en\/about\/#breadcrumb","itemListElement":[{"@type":"ListItem","position":1,"name":"Home","item":"https:\/\/www.in-ex.hu\/en\/home\/"},{"@type":"ListItem","position":2,"name":"About"}]},{"@type":"WebSite","@id":"https:\/\/www.in-ex.hu\/en\/#website","url":"https:\/\/www.in-ex.hu\/en\/","name":"STUDIO IN-EX - \u00c9p\u00edt\u00e9szeti \u00e9s m\u00e9rn\u00f6ki iroda","description":"\u00c9p\u00edt\u00e9szet \u00e9s m\u00e9rn\u00f6ks\u00e9g piacvezet\u0151 BIM szaktud\u00e1ssal","potentialAction":[{"@type":"SearchAction","target":{"@type":"EntryPoint","urlTemplate":"https:\/\/www.in-ex.hu\/en\/?s={search_term_string}"},"query-input":{"@type":"PropertyValueSpecification","valueRequired":true,"valueName":"search_term_string"}}],"inLanguage":"en-US"}]}},"_links":{"self":[{"href":"https:\/\/www.in-ex.hu\/en\/wp-json\/wp\/v2\/pages\/4642","targetHints":{"allow":["GET"]}}],"collection":[{"href":"https:\/\/www.in-ex.hu\/en\/wp-json\/wp\/v2\/pages"}],"about":[{"href":"https:\/\/www.in-ex.hu\/en\/wp-json\/wp\/v2\/types\/page"}],"author":[{"embeddable":true,"href":"https:\/\/www.in-ex.hu\/en\/wp-json\/wp\/v2\/users\/1"}],"replies":[{"embeddable":true,"href":"https:\/\/www.in-ex.hu\/en\/wp-json\/wp\/v2\/comments?post=4642"}],"version-history":[{"count":16,"href":"https:\/\/www.in-ex.hu\/en\/wp-json\/wp\/v2\/pages\/4642\/revisions"}],"predecessor-version":[{"id":14600,"href":"https:\/\/www.in-ex.hu\/en\/wp-json\/wp\/v2\/pages\/4642\/revisions\/14600"}],"wp:featuredmedia":[{"embeddable":true,"href":"https:\/\/www.in-ex.hu\/en\/wp-json\/wp\/v2\/media\/14289"}],"wp:attachment":[{"href":"https:\/\/www.in-ex.hu\/en\/wp-json\/wp\/v2\/media?parent=4642"}],"curies":[{"name":"wp","href":"https:\/\/api.w.org\/{rel}","templated":true}]}}