{"id":13544,"date":"2025-09-08T15:00:14","date_gmt":"2025-09-08T15:00:14","guid":{"rendered":"https:\/\/www.in-ex.hu\/?page_id=13544"},"modified":"2025-09-13T08:49:10","modified_gmt":"2025-09-13T08:49:10","slug":"datacentre-design","status":"publish","type":"page","link":"https:\/\/www.in-ex.hu\/en\/datacentre-design\/","title":{"rendered":"Datacentre Design"},"content":{"rendered":"","protected":false},"excerpt":{"rendered":"<p>Multidisciplinary general design for the Hungarian and international markets: We have been specialized in the design of datacentres and similar facilities in complexity<\/p>\n","protected":false},"author":4,"featured_media":10165,"parent":0,"menu_order":0,"comment_status":"closed","ping_status":"closed","template":"","meta":{"_acf_changed":false,"footnotes":""},"class_list":["post-13544","page","type-page","status-publish","has-post-thumbnail","hentry"],"acf":[],"yoast_head":"<!-- This site is optimized with the Yoast SEO plugin v27.3 - https:\/\/yoast.com\/product\/yoast-seo-wordpress\/ -->\n<title>Datacentre Design - STUDIO IN-EX - \u00c9p\u00edt\u00e9szeti \u00e9s m\u00e9rn\u00f6ki iroda<\/title>\n<meta name=\"description\" content=\"Multidisciplinary general design for the Hungarian and international markets: We have been specialized in the design of datacentres\" \/>\n<meta name=\"robots\" content=\"index, follow, max-snippet:-1, max-image-preview:large, max-video-preview:-1\" \/>\n<link rel=\"canonical\" href=\"https:\/\/www.in-ex.hu\/en\/datacentre-design\/\" \/>\n<meta property=\"og:locale\" content=\"en_US\" \/>\n<meta property=\"og:type\" content=\"article\" \/>\n<meta property=\"og:title\" content=\"Multidisciplinary general design\" \/>\n<meta property=\"og:description\" content=\"Multidisciplinary general design for the Hungarian and international markets: We have been specialized in the design of datacentres\" \/>\n<meta property=\"og:url\" content=\"https:\/\/www.in-ex.hu\/en\/datacentre-design\/\" \/>\n<meta property=\"og:site_name\" content=\"STUDIO IN-EX - \u00c9p\u00edt\u00e9szeti \u00e9s m\u00e9rn\u00f6ki iroda\" \/>\n<meta property=\"article:modified_time\" content=\"2025-09-13T08:49:10+00:00\" \/>\n<meta property=\"og:image\" content=\"https:\/\/www.in-ex.hu\/wp-content\/uploads\/2023\/07\/FRA2_Hero.jpg\" \/>\n\t<meta property=\"og:image:width\" content=\"1440\" \/>\n\t<meta property=\"og:image:height\" content=\"700\" \/>\n\t<meta property=\"og:image:type\" content=\"image\/jpeg\" \/>\n<meta name=\"twitter:card\" content=\"summary_large_image\" \/>\n<meta name=\"twitter:label1\" content=\"Est. reading time\" \/>\n\t<meta name=\"twitter:data1\" content=\"1 minute\" \/>\n<script type=\"application\/ld+json\" class=\"yoast-schema-graph\">{\"@context\":\"https:\\\/\\\/schema.org\",\"@graph\":[{\"@type\":\"WebPage\",\"@id\":\"https:\\\/\\\/www.in-ex.hu\\\/en\\\/datacentre-design\\\/\",\"url\":\"https:\\\/\\\/www.in-ex.hu\\\/en\\\/datacentre-design\\\/\",\"name\":\"Datacentre Design - STUDIO IN-EX - \u00c9p\u00edt\u00e9szeti \u00e9s m\u00e9rn\u00f6ki iroda\",\"isPartOf\":{\"@id\":\"https:\\\/\\\/www.in-ex.hu\\\/en\\\/#website\"},\"primaryImageOfPage\":{\"@id\":\"https:\\\/\\\/www.in-ex.hu\\\/en\\\/datacentre-design\\\/#primaryimage\"},\"image\":{\"@id\":\"https:\\\/\\\/www.in-ex.hu\\\/en\\\/datacentre-design\\\/#primaryimage\"},\"thumbnailUrl\":\"https:\\\/\\\/www.in-ex.hu\\\/wp-content\\\/uploads\\\/2023\\\/07\\\/FRA2_Hero.jpg\",\"datePublished\":\"2025-09-08T15:00:14+00:00\",\"dateModified\":\"2025-09-13T08:49:10+00:00\",\"description\":\"Multidisciplinary general design for the Hungarian and international markets: We have been specialized in the design of datacentres\",\"breadcrumb\":{\"@id\":\"https:\\\/\\\/www.in-ex.hu\\\/en\\\/datacentre-design\\\/#breadcrumb\"},\"inLanguage\":\"en-US\",\"potentialAction\":[{\"@type\":\"ReadAction\",\"target\":[\"https:\\\/\\\/www.in-ex.hu\\\/en\\\/datacentre-design\\\/\"]}]},{\"@type\":\"ImageObject\",\"inLanguage\":\"en-US\",\"@id\":\"https:\\\/\\\/www.in-ex.hu\\\/en\\\/datacentre-design\\\/#primaryimage\",\"url\":\"https:\\\/\\\/www.in-ex.hu\\\/wp-content\\\/uploads\\\/2023\\\/07\\\/FRA2_Hero.jpg\",\"contentUrl\":\"https:\\\/\\\/www.in-ex.hu\\\/wp-content\\\/uploads\\\/2023\\\/07\\\/FRA2_Hero.jpg\",\"width\":1440,\"height\":700},{\"@type\":\"BreadcrumbList\",\"@id\":\"https:\\\/\\\/www.in-ex.hu\\\/en\\\/datacentre-design\\\/#breadcrumb\",\"itemListElement\":[{\"@type\":\"ListItem\",\"position\":1,\"name\":\"Home\",\"item\":\"https:\\\/\\\/www.in-ex.hu\\\/en\\\/home\\\/\"},{\"@type\":\"ListItem\",\"position\":2,\"name\":\"Datacentre Design\"}]},{\"@type\":\"WebSite\",\"@id\":\"https:\\\/\\\/www.in-ex.hu\\\/en\\\/#website\",\"url\":\"https:\\\/\\\/www.in-ex.hu\\\/en\\\/\",\"name\":\"STUDIO IN-EX - \u00c9p\u00edt\u00e9szeti \u00e9s m\u00e9rn\u00f6ki iroda\",\"description\":\"\u00c9p\u00edt\u00e9szet \u00e9s m\u00e9rn\u00f6ks\u00e9g piacvezet\u0151 BIM szaktud\u00e1ssal\",\"potentialAction\":[{\"@type\":\"SearchAction\",\"target\":{\"@type\":\"EntryPoint\",\"urlTemplate\":\"https:\\\/\\\/www.in-ex.hu\\\/en\\\/?s={search_term_string}\"},\"query-input\":{\"@type\":\"PropertyValueSpecification\",\"valueRequired\":true,\"valueName\":\"search_term_string\"}}],\"inLanguage\":\"en-US\"}]}<\/script>\n<!-- \/ Yoast SEO plugin. -->","yoast_head_json":{"title":"Datacentre Design - STUDIO IN-EX - \u00c9p\u00edt\u00e9szeti \u00e9s m\u00e9rn\u00f6ki iroda","description":"Multidisciplinary general design for the Hungarian and international markets: We have been specialized in the design of datacentres","robots":{"index":"index","follow":"follow","max-snippet":"max-snippet:-1","max-image-preview":"max-image-preview:large","max-video-preview":"max-video-preview:-1"},"canonical":"https:\/\/www.in-ex.hu\/en\/datacentre-design\/","og_locale":"en_US","og_type":"article","og_title":"Multidisciplinary general design","og_description":"Multidisciplinary general design for the Hungarian and international markets: We have been specialized in the design of datacentres","og_url":"https:\/\/www.in-ex.hu\/en\/datacentre-design\/","og_site_name":"STUDIO IN-EX - \u00c9p\u00edt\u00e9szeti \u00e9s m\u00e9rn\u00f6ki iroda","article_modified_time":"2025-09-13T08:49:10+00:00","og_image":[{"width":1440,"height":700,"url":"https:\/\/www.in-ex.hu\/wp-content\/uploads\/2023\/07\/FRA2_Hero.jpg","type":"image\/jpeg"}],"twitter_card":"summary_large_image","twitter_misc":{"Est. reading time":"1 minute"},"schema":{"@context":"https:\/\/schema.org","@graph":[{"@type":"WebPage","@id":"https:\/\/www.in-ex.hu\/en\/datacentre-design\/","url":"https:\/\/www.in-ex.hu\/en\/datacentre-design\/","name":"Datacentre Design - STUDIO IN-EX - \u00c9p\u00edt\u00e9szeti \u00e9s m\u00e9rn\u00f6ki iroda","isPartOf":{"@id":"https:\/\/www.in-ex.hu\/en\/#website"},"primaryImageOfPage":{"@id":"https:\/\/www.in-ex.hu\/en\/datacentre-design\/#primaryimage"},"image":{"@id":"https:\/\/www.in-ex.hu\/en\/datacentre-design\/#primaryimage"},"thumbnailUrl":"https:\/\/www.in-ex.hu\/wp-content\/uploads\/2023\/07\/FRA2_Hero.jpg","datePublished":"2025-09-08T15:00:14+00:00","dateModified":"2025-09-13T08:49:10+00:00","description":"Multidisciplinary general design for the Hungarian and international markets: We have been specialized in the design of datacentres","breadcrumb":{"@id":"https:\/\/www.in-ex.hu\/en\/datacentre-design\/#breadcrumb"},"inLanguage":"en-US","potentialAction":[{"@type":"ReadAction","target":["https:\/\/www.in-ex.hu\/en\/datacentre-design\/"]}]},{"@type":"ImageObject","inLanguage":"en-US","@id":"https:\/\/www.in-ex.hu\/en\/datacentre-design\/#primaryimage","url":"https:\/\/www.in-ex.hu\/wp-content\/uploads\/2023\/07\/FRA2_Hero.jpg","contentUrl":"https:\/\/www.in-ex.hu\/wp-content\/uploads\/2023\/07\/FRA2_Hero.jpg","width":1440,"height":700},{"@type":"BreadcrumbList","@id":"https:\/\/www.in-ex.hu\/en\/datacentre-design\/#breadcrumb","itemListElement":[{"@type":"ListItem","position":1,"name":"Home","item":"https:\/\/www.in-ex.hu\/en\/home\/"},{"@type":"ListItem","position":2,"name":"Datacentre Design"}]},{"@type":"WebSite","@id":"https:\/\/www.in-ex.hu\/en\/#website","url":"https:\/\/www.in-ex.hu\/en\/","name":"STUDIO IN-EX - \u00c9p\u00edt\u00e9szeti \u00e9s m\u00e9rn\u00f6ki iroda","description":"\u00c9p\u00edt\u00e9szet \u00e9s m\u00e9rn\u00f6ks\u00e9g piacvezet\u0151 BIM szaktud\u00e1ssal","potentialAction":[{"@type":"SearchAction","target":{"@type":"EntryPoint","urlTemplate":"https:\/\/www.in-ex.hu\/en\/?s={search_term_string}"},"query-input":{"@type":"PropertyValueSpecification","valueRequired":true,"valueName":"search_term_string"}}],"inLanguage":"en-US"}]}},"_links":{"self":[{"href":"https:\/\/www.in-ex.hu\/en\/wp-json\/wp\/v2\/pages\/13544","targetHints":{"allow":["GET"]}}],"collection":[{"href":"https:\/\/www.in-ex.hu\/en\/wp-json\/wp\/v2\/pages"}],"about":[{"href":"https:\/\/www.in-ex.hu\/en\/wp-json\/wp\/v2\/types\/page"}],"author":[{"embeddable":true,"href":"https:\/\/www.in-ex.hu\/en\/wp-json\/wp\/v2\/users\/4"}],"replies":[{"embeddable":true,"href":"https:\/\/www.in-ex.hu\/en\/wp-json\/wp\/v2\/comments?post=13544"}],"version-history":[{"count":25,"href":"https:\/\/www.in-ex.hu\/en\/wp-json\/wp\/v2\/pages\/13544\/revisions"}],"predecessor-version":[{"id":13605,"href":"https:\/\/www.in-ex.hu\/en\/wp-json\/wp\/v2\/pages\/13544\/revisions\/13605"}],"wp:featuredmedia":[{"embeddable":true,"href":"https:\/\/www.in-ex.hu\/en\/wp-json\/wp\/v2\/media\/10165"}],"wp:attachment":[{"href":"https:\/\/www.in-ex.hu\/en\/wp-json\/wp\/v2\/media?parent=13544"}],"curies":[{"name":"wp","href":"https:\/\/api.w.org\/{rel}","templated":true}]}}