{"id":12696,"date":"2025-06-30T11:53:11","date_gmt":"2025-06-30T11:53:11","guid":{"rendered":"https:\/\/www.in-ex.hu\/?page_id=12696"},"modified":"2025-09-09T11:31:14","modified_gmt":"2025-09-09T11:31:14","slug":"our-design-services","status":"publish","type":"page","link":"https:\/\/www.in-ex.hu\/en\/our-design-services\/","title":{"rendered":"Our design services"},"content":{"rendered":"","protected":false},"excerpt":{"rendered":"","protected":false},"author":4,"featured_media":3307,"parent":0,"menu_order":0,"comment_status":"closed","ping_status":"closed","template":"","meta":{"_acf_changed":false,"footnotes":""},"class_list":["post-12696","page","type-page","status-publish","has-post-thumbnail","hentry"],"acf":[],"yoast_head":"<!-- This site is optimized with the Yoast SEO plugin v27.3 - https:\/\/yoast.com\/product\/yoast-seo-wordpress\/ -->\n<title>Our design services - STUDIO IN-EX - \u00c9p\u00edt\u00e9szeti \u00e9s m\u00e9rn\u00f6ki iroda<\/title>\n<meta name=\"description\" content=\"The design engineering team of STUDIO IN-EX general design office performs design in closed-BIM. Ask us for a quote!\" \/>\n<meta name=\"robots\" content=\"index, follow, max-snippet:-1, max-image-preview:large, max-video-preview:-1\" \/>\n<link rel=\"canonical\" href=\"https:\/\/www.in-ex.hu\/en\/our-design-services\/\" \/>\n<meta property=\"og:locale\" content=\"en_US\" \/>\n<meta property=\"og:type\" content=\"article\" \/>\n<meta property=\"og:title\" content=\"Our design services\" \/>\n<meta property=\"og:description\" content=\"The design engineering team of STUDIO IN-EX general design office performs design in closed-BIM. Ask us for a quote!\" \/>\n<meta property=\"og:url\" content=\"https:\/\/www.in-ex.hu\/en\/our-design-services\/\" \/>\n<meta property=\"og:site_name\" content=\"STUDIO IN-EX - \u00c9p\u00edt\u00e9szeti \u00e9s m\u00e9rn\u00f6ki iroda\" \/>\n<meta property=\"article:modified_time\" content=\"2025-09-09T11:31:14+00:00\" \/>\n<meta property=\"og:image\" content=\"https:\/\/www.in-ex.hu\/wp-content\/uploads\/2022\/02\/bim-epulet-1024x320.jpg\" \/>\n<meta name=\"twitter:card\" content=\"summary_large_image\" \/>\n<meta name=\"twitter:label1\" content=\"Est. reading time\" \/>\n\t<meta name=\"twitter:data1\" content=\"1 minute\" \/>\n<script type=\"application\/ld+json\" class=\"yoast-schema-graph\">{\"@context\":\"https:\\\/\\\/schema.org\",\"@graph\":[{\"@type\":\"WebPage\",\"@id\":\"https:\\\/\\\/www.in-ex.hu\\\/en\\\/our-design-services\\\/\",\"url\":\"https:\\\/\\\/www.in-ex.hu\\\/en\\\/our-design-services\\\/\",\"name\":\"Our design services - STUDIO IN-EX - \u00c9p\u00edt\u00e9szeti \u00e9s m\u00e9rn\u00f6ki iroda\",\"isPartOf\":{\"@id\":\"https:\\\/\\\/www.in-ex.hu\\\/en\\\/#website\"},\"primaryImageOfPage\":{\"@id\":\"https:\\\/\\\/www.in-ex.hu\\\/en\\\/our-design-services\\\/#primaryimage\"},\"image\":{\"@id\":\"https:\\\/\\\/www.in-ex.hu\\\/en\\\/our-design-services\\\/#primaryimage\"},\"thumbnailUrl\":\"https:\\\/\\\/www.in-ex.hu\\\/wp-content\\\/uploads\\\/2022\\\/02\\\/bimepulet-copy.jpg\",\"datePublished\":\"2025-06-30T11:53:11+00:00\",\"dateModified\":\"2025-09-09T11:31:14+00:00\",\"description\":\"The design engineering team of STUDIO IN-EX general design office performs design in closed-BIM. Ask us for a quote!\",\"breadcrumb\":{\"@id\":\"https:\\\/\\\/www.in-ex.hu\\\/en\\\/our-design-services\\\/#breadcrumb\"},\"inLanguage\":\"en-US\",\"potentialAction\":[{\"@type\":\"ReadAction\",\"target\":[\"https:\\\/\\\/www.in-ex.hu\\\/en\\\/our-design-services\\\/\"]}]},{\"@type\":\"ImageObject\",\"inLanguage\":\"en-US\",\"@id\":\"https:\\\/\\\/www.in-ex.hu\\\/en\\\/our-design-services\\\/#primaryimage\",\"url\":\"https:\\\/\\\/www.in-ex.hu\\\/wp-content\\\/uploads\\\/2022\\\/02\\\/bimepulet-copy.jpg\",\"contentUrl\":\"https:\\\/\\\/www.in-ex.hu\\\/wp-content\\\/uploads\\\/2022\\\/02\\\/bimepulet-copy.jpg\",\"width\":1920,\"height\":600},{\"@type\":\"BreadcrumbList\",\"@id\":\"https:\\\/\\\/www.in-ex.hu\\\/en\\\/our-design-services\\\/#breadcrumb\",\"itemListElement\":[{\"@type\":\"ListItem\",\"position\":1,\"name\":\"Home\",\"item\":\"https:\\\/\\\/www.in-ex.hu\\\/en\\\/home\\\/\"},{\"@type\":\"ListItem\",\"position\":2,\"name\":\"Our design services\"}]},{\"@type\":\"WebSite\",\"@id\":\"https:\\\/\\\/www.in-ex.hu\\\/en\\\/#website\",\"url\":\"https:\\\/\\\/www.in-ex.hu\\\/en\\\/\",\"name\":\"STUDIO IN-EX - \u00c9p\u00edt\u00e9szeti \u00e9s m\u00e9rn\u00f6ki iroda\",\"description\":\"\u00c9p\u00edt\u00e9szet \u00e9s m\u00e9rn\u00f6ks\u00e9g piacvezet\u0151 BIM szaktud\u00e1ssal\",\"potentialAction\":[{\"@type\":\"SearchAction\",\"target\":{\"@type\":\"EntryPoint\",\"urlTemplate\":\"https:\\\/\\\/www.in-ex.hu\\\/en\\\/?s={search_term_string}\"},\"query-input\":{\"@type\":\"PropertyValueSpecification\",\"valueRequired\":true,\"valueName\":\"search_term_string\"}}],\"inLanguage\":\"en-US\"}]}<\/script>\n<!-- \/ Yoast SEO plugin. -->","yoast_head_json":{"title":"Our design services - STUDIO IN-EX - \u00c9p\u00edt\u00e9szeti \u00e9s m\u00e9rn\u00f6ki iroda","description":"The design engineering team of STUDIO IN-EX general design office performs design in closed-BIM. Ask us for a quote!","robots":{"index":"index","follow":"follow","max-snippet":"max-snippet:-1","max-image-preview":"max-image-preview:large","max-video-preview":"max-video-preview:-1"},"canonical":"https:\/\/www.in-ex.hu\/en\/our-design-services\/","og_locale":"en_US","og_type":"article","og_title":"Our design services","og_description":"The design engineering team of STUDIO IN-EX general design office performs design in closed-BIM. Ask us for a quote!","og_url":"https:\/\/www.in-ex.hu\/en\/our-design-services\/","og_site_name":"STUDIO IN-EX - \u00c9p\u00edt\u00e9szeti \u00e9s m\u00e9rn\u00f6ki iroda","article_modified_time":"2025-09-09T11:31:14+00:00","og_image":[{"url":"https:\/\/www.in-ex.hu\/wp-content\/uploads\/2022\/02\/bim-epulet-1024x320.jpg","type":"","width":"","height":""}],"twitter_card":"summary_large_image","twitter_misc":{"Est. reading time":"1 minute"},"schema":{"@context":"https:\/\/schema.org","@graph":[{"@type":"WebPage","@id":"https:\/\/www.in-ex.hu\/en\/our-design-services\/","url":"https:\/\/www.in-ex.hu\/en\/our-design-services\/","name":"Our design services - STUDIO IN-EX - \u00c9p\u00edt\u00e9szeti \u00e9s m\u00e9rn\u00f6ki iroda","isPartOf":{"@id":"https:\/\/www.in-ex.hu\/en\/#website"},"primaryImageOfPage":{"@id":"https:\/\/www.in-ex.hu\/en\/our-design-services\/#primaryimage"},"image":{"@id":"https:\/\/www.in-ex.hu\/en\/our-design-services\/#primaryimage"},"thumbnailUrl":"https:\/\/www.in-ex.hu\/wp-content\/uploads\/2022\/02\/bimepulet-copy.jpg","datePublished":"2025-06-30T11:53:11+00:00","dateModified":"2025-09-09T11:31:14+00:00","description":"The design engineering team of STUDIO IN-EX general design office performs design in closed-BIM. Ask us for a quote!","breadcrumb":{"@id":"https:\/\/www.in-ex.hu\/en\/our-design-services\/#breadcrumb"},"inLanguage":"en-US","potentialAction":[{"@type":"ReadAction","target":["https:\/\/www.in-ex.hu\/en\/our-design-services\/"]}]},{"@type":"ImageObject","inLanguage":"en-US","@id":"https:\/\/www.in-ex.hu\/en\/our-design-services\/#primaryimage","url":"https:\/\/www.in-ex.hu\/wp-content\/uploads\/2022\/02\/bimepulet-copy.jpg","contentUrl":"https:\/\/www.in-ex.hu\/wp-content\/uploads\/2022\/02\/bimepulet-copy.jpg","width":1920,"height":600},{"@type":"BreadcrumbList","@id":"https:\/\/www.in-ex.hu\/en\/our-design-services\/#breadcrumb","itemListElement":[{"@type":"ListItem","position":1,"name":"Home","item":"https:\/\/www.in-ex.hu\/en\/home\/"},{"@type":"ListItem","position":2,"name":"Our design services"}]},{"@type":"WebSite","@id":"https:\/\/www.in-ex.hu\/en\/#website","url":"https:\/\/www.in-ex.hu\/en\/","name":"STUDIO IN-EX - \u00c9p\u00edt\u00e9szeti \u00e9s m\u00e9rn\u00f6ki iroda","description":"\u00c9p\u00edt\u00e9szet \u00e9s m\u00e9rn\u00f6ks\u00e9g piacvezet\u0151 BIM szaktud\u00e1ssal","potentialAction":[{"@type":"SearchAction","target":{"@type":"EntryPoint","urlTemplate":"https:\/\/www.in-ex.hu\/en\/?s={search_term_string}"},"query-input":{"@type":"PropertyValueSpecification","valueRequired":true,"valueName":"search_term_string"}}],"inLanguage":"en-US"}]}},"_links":{"self":[{"href":"https:\/\/www.in-ex.hu\/en\/wp-json\/wp\/v2\/pages\/12696","targetHints":{"allow":["GET"]}}],"collection":[{"href":"https:\/\/www.in-ex.hu\/en\/wp-json\/wp\/v2\/pages"}],"about":[{"href":"https:\/\/www.in-ex.hu\/en\/wp-json\/wp\/v2\/types\/page"}],"author":[{"embeddable":true,"href":"https:\/\/www.in-ex.hu\/en\/wp-json\/wp\/v2\/users\/4"}],"replies":[{"embeddable":true,"href":"https:\/\/www.in-ex.hu\/en\/wp-json\/wp\/v2\/comments?post=12696"}],"version-history":[{"count":12,"href":"https:\/\/www.in-ex.hu\/en\/wp-json\/wp\/v2\/pages\/12696\/revisions"}],"predecessor-version":[{"id":13577,"href":"https:\/\/www.in-ex.hu\/en\/wp-json\/wp\/v2\/pages\/12696\/revisions\/13577"}],"wp:featuredmedia":[{"embeddable":true,"href":"https:\/\/www.in-ex.hu\/en\/wp-json\/wp\/v2\/media\/3307"}],"wp:attachment":[{"href":"https:\/\/www.in-ex.hu\/en\/wp-json\/wp\/v2\/media?parent=12696"}],"curies":[{"name":"wp","href":"https:\/\/api.w.org\/{rel}","templated":true}]}}